{"id":509,"date":"2025-09-11T13:41:43","date_gmt":"2025-09-11T11:41:43","guid":{"rendered":"https:\/\/uhy.64dots.com\/impressum\/"},"modified":"2025-09-21T12:05:53","modified_gmt":"2025-09-21T10:05:53","slug":"impressum","status":"publish","type":"page","link":"https:\/\/uhy-wm.com\/en\/impressum\/","title":{"rendered":"Legal Notice"},"content":{"rendered":"<p><div class=\"fusion-fullwidth fullwidth-box fusion-builder-row-1 fusion-flex-container has-pattern-background has-mask-background hundred-percent-fullwidth non-hundred-percent-height-scrolling\" style=\"--awb-background-position:right bottom;--awb-border-radius-top-left:0px;--awb-border-radius-top-right:0px;--awb-border-radius-bottom-right:0px;--awb-border-radius-bottom-left:0px;--awb-padding-right:0px;--awb-padding-right-medium:0px;--awb-padding-right-small:0px;--awb-margin-bottom:4rem;--awb-background-color:var(--awb-color3);--awb-background-size:1000px;--awb-flex-wrap:wrap;\" ><div class=\"fusion-builder-row fusion-row fusion-flex-align-items-flex-start fusion-flex-justify-content-flex-end fusion-flex-content-wrap\" style=\"width:104% !important;max-width:104% !important;margin-left: calc(-4% \/ 2 );margin-right: calc(-4% \/ 2 );\"><div class=\"fusion-layout-column fusion_builder_column fusion-builder-column-0 fusion_builder_column_2_3 2_3 fusion-flex-column fusion-flex-align-self-flex-end\" style=\"--awb-bg-size:cover;--awb-width-large:66.666666666667%;--awb-margin-top-large:4rem;--awb-spacing-right-large:2.88%;--awb-margin-bottom-large:0px;--awb-spacing-left-large:2.88%;--awb-width-medium:66.666666666667%;--awb-order-medium:0;--awb-spacing-right-medium:2.88%;--awb-spacing-left-medium:2.88%;--awb-width-small:60%;--awb-order-small:0;--awb-margin-top-small:4rem;--awb-spacing-right-small:3.2%;--awb-spacing-left-small:3.2%;\"><div class=\"fusion-column-wrapper fusion-column-has-shadow fusion-flex-justify-content-flex-start fusion-content-layout-row\"><div class=\"fusion-title title fusion-title-1 fusion-sep-none fusion-title-text fusion-title-size-one\" style=\"--awb-text-color:var(--awb-color1);--awb-margin-top-small:10px;--awb-margin-right-small:0px;--awb-margin-bottom-small:10px;--awb-margin-left-small:0px;\"><h1 class=\"fusion-title-heading title-heading-left fusion-responsive-typography-calculated\" style=\"margin:0;--fontSize:36;line-height:var(--awb-typography1-line-height);\">Legal Notice<\/h1><\/div><\/div><\/div><div class=\"fusion-layout-column fusion_builder_column fusion-builder-column-1 fusion_builder_column_1_3 1_3 fusion-flex-column fusion-flex-align-self-stretch fusion-animated\" style=\"--awb-padding-right-medium:0px;--awb-padding-right-small:0px;--awb-bg-image:url(&#039;https:\/\/uhy-wm.com\/wp-content\/uploads\/2025\/09\/UHY_Pathways_Green_RGB_Ambition-and-growth5.svg&#039;);--awb-bg-size:cover;--awb-width-large:33.333333333333%;--awb-margin-top-large:3rem;--awb-spacing-right-large:0%;--awb-margin-bottom-large:0px;--awb-spacing-left-large:5.76%;--awb-width-medium:33.333333333333%;--awb-order-medium:0;--awb-spacing-right-medium:0%;--awb-spacing-left-medium:5.76%;--awb-width-small:40%;--awb-order-small:0;--awb-margin-top-small:30%;--awb-spacing-right-small:0%;--awb-spacing-left-small:4.8%;\" data-animationType=\"fadeInRight\" data-animationDuration=\"1.0\" data-animationOffset=\"top-into-view\"><div class=\"fusion-column-wrapper fusion-column-has-shadow fusion-flex-justify-content-flex-end fusion-content-layout-row fusion-flex-align-items-center fusion-empty-column-bg-image fusion-column-has-bg-image\" data-bg-url=\"https:\/\/uhy-wm.com\/wp-content\/uploads\/2025\/09\/UHY_Pathways_Green_RGB_Ambition-and-growth5.svg\"><img decoding=\"async\" class=\"fusion-empty-dims-img-placeholder\" aria-label=\"UHY_Pathways_Green_RGB_Ambition-and-growth5\" src=\"data:image\/svg+xml,%3Csvg%20xmlns%3D%27http%3A%2F%2Fwww.w3.org%2F2000%2Fsvg%27%20width%3D%27330%27%20height%3D%27177%27%20viewBox%3D%270%200%20330%20177%27%3E%3Crect%20width%3D%27330%27%20height%3D%27177%27%20fill-opacity%3D%220%22%2F%3E%3C%2Fsvg%3E\" alt=\"\" title=\"\"><\/div><\/div><\/div><\/div><div class=\"fusion-fullwidth fullwidth-box fusion-builder-row-2 fusion-flex-container has-pattern-background has-mask-background nonhundred-percent-fullwidth non-hundred-percent-height-scrolling\" style=\"--awb-border-radius-top-left:0px;--awb-border-radius-top-right:0px;--awb-border-radius-bottom-right:0px;--awb-border-radius-bottom-left:0px;--awb-flex-wrap:wrap;\" ><div class=\"fusion-builder-row fusion-row fusion-flex-align-items-flex-start fusion-flex-content-wrap\" style=\"max-width:1597.44px;margin-left: calc(-4% \/ 2 );margin-right: calc(-4% \/ 2 );\"><div class=\"fusion-layout-column fusion_builder_column fusion-builder-column-2 fusion_builder_column_1_1 1_1 fusion-flex-column\" style=\"--awb-bg-size:cover;--awb-width-large:100%;--awb-margin-top-large:0px;--awb-spacing-right-large:1.92%;--awb-margin-bottom-large:20px;--awb-spacing-left-large:1.92%;--awb-width-medium:100%;--awb-order-medium:0;--awb-spacing-right-medium:1.92%;--awb-spacing-left-medium:1.92%;--awb-width-small:100%;--awb-order-small:0;--awb-spacing-right-small:1.92%;--awb-spacing-left-small:1.92%;\"><div class=\"fusion-column-wrapper fusion-column-has-shadow fusion-flex-justify-content-flex-start fusion-content-layout-column\"><div class=\"fusion-text fusion-text-1\"><h2>UHY Wahlen &amp; Mannsky PartGmbB Wirtschaftspr\u00fcfungsgesellschaft Steuerberatungsgesellschaft<\/h2>\n<\/div><\/div><\/div><div class=\"fusion-layout-column fusion_builder_column fusion-builder-column-3 fusion_builder_column_1_3 1_3 fusion-flex-column\" style=\"--awb-bg-size:cover;--awb-width-large:33.333333333333%;--awb-margin-top-large:0px;--awb-spacing-right-large:5.76%;--awb-margin-bottom-large:20px;--awb-spacing-left-large:5.76%;--awb-width-medium:33.333333333333%;--awb-order-medium:0;--awb-spacing-right-medium:5.76%;--awb-spacing-left-medium:5.76%;--awb-width-small:100%;--awb-order-small:0;--awb-spacing-right-small:1.92%;--awb-spacing-left-small:1.92%;\"><div class=\"fusion-column-wrapper fusion-column-has-shadow fusion-flex-justify-content-flex-start fusion-content-layout-column\"><div class=\"fusion-title title fusion-title-2 fusion-sep-none fusion-title-text fusion-title-size-two\" style=\"--awb-margin-top-small:10px;--awb-margin-right-small:0px;--awb-margin-bottom-small:10px;--awb-margin-left-small:0px;\"><h2 class=\"fusion-title-heading title-heading-left fusion-responsive-typography-calculated\" style=\"margin:0;--fontSize:24;line-height:var(--awb-typography2-line-height);\">Frankfurt am Main<\/h2><\/div><div class=\"fusion-text fusion-text-2\"><p>Walther-von-Cronberg-Platz 13<br \/>60594 Frankfurt a.M.<\/p>\n<p>Phone: +49 69 660 593 79 \u2013 0<br \/>Fax: +49 69 660 593 79 \u2013 99<\/p>\n<p>Email: info@uhy-wm.com<\/p>\n<\/div><\/div><\/div><div class=\"fusion-layout-column fusion_builder_column fusion-builder-column-4 fusion_builder_column_1_3 1_3 fusion-flex-column\" style=\"--awb-bg-size:cover;--awb-width-large:33.333333333333%;--awb-margin-top-large:0px;--awb-spacing-right-large:5.76%;--awb-margin-bottom-large:20px;--awb-spacing-left-large:5.76%;--awb-width-medium:33.333333333333%;--awb-order-medium:0;--awb-spacing-right-medium:5.76%;--awb-spacing-left-medium:5.76%;--awb-width-small:100%;--awb-order-small:0;--awb-spacing-right-small:1.92%;--awb-spacing-left-small:1.92%;\"><div class=\"fusion-column-wrapper fusion-column-has-shadow fusion-flex-justify-content-flex-start fusion-content-layout-column\"><div class=\"fusion-title title fusion-title-3 fusion-sep-none fusion-title-text fusion-title-size-two\" style=\"--awb-margin-top-small:10px;--awb-margin-right-small:0px;--awb-margin-bottom-small:10px;--awb-margin-left-small:0px;\"><h2 class=\"fusion-title-heading title-heading-left fusion-responsive-typography-calculated\" style=\"margin:0;--fontSize:24;line-height:var(--awb-typography2-line-height);\">Cologne<\/h2><\/div><div class=\"fusion-text fusion-text-3\"><p>Industriestra\u00dfe 161<br \/>D-50999 K\u00f6ln<\/p>\n<p>Phone: 02236 \/ 333 03-0<br \/>Fax: 02236 \/ 333 03-66<\/p>\n<p>Email: info@uhy-wm.com<\/p>\n<\/div><\/div><\/div><div class=\"fusion-layout-column fusion_builder_column fusion-builder-column-5 fusion_builder_column_1_1 1_1 fusion-flex-column\" style=\"--awb-bg-size:cover;--awb-width-large:100%;--awb-margin-top-large:0px;--awb-spacing-right-large:1.92%;--awb-margin-bottom-large:20px;--awb-spacing-left-large:1.92%;--awb-width-medium:100%;--awb-order-medium:0;--awb-spacing-right-medium:1.92%;--awb-spacing-left-medium:1.92%;--awb-width-small:100%;--awb-order-small:0;--awb-spacing-right-small:1.92%;--awb-spacing-left-small:1.92%;\"><div class=\"fusion-column-wrapper fusion-column-has-shadow fusion-flex-justify-content-flex-start fusion-content-layout-column\"><div class=\"fusion-text fusion-text-4\"><p><span style=\"background-color: rgba(0, 0, 0, 0);\"><b>Legal Form:<\/b><\/span> <span style=\"background-color: rgba(0, 0, 0, 0);\">Partnership with limited professional liability (PartGmbB)<\/span><\/p>\n<p><span style=\"background-color: rgba(0, 0, 0, 0);\"><b>VAT Identification Number:<\/b> DE10209374<\/span><\/p>\n<p>Register of Partnerships: AG P2319<\/p>\n<p><b>Gerichtsstand<\/b>: Gerichtsstand, falls nicht anderweitig vorgeschrieben oder vereinbart, ist Frankfurt. Es gilt deutsches Recht. <\/p>\n<h3 data-fontsize=\"20\" style=\"--fontSize: 20; line-height: 1.1;\" data-lineheight=\"22px\" class=\"fusion-responsive-typography-calculated\">Professional Chambers<\/h3>\n<p>Steuerberaterkammer Hessen, Bleichstr. 1, 60101 Frankfurt <\/p>\n<p>Wirtschaftspr\u00fcferkammer, Rauchstr. 26, 10787 Berlin <\/p>\n<p>Chamber of Tax Advisors, Cologne (Steuerberaterkammer K\u00f6ln), K\u00f6rperschaft des \u00f6ffentlichen Rechts, <span style=\"background-color: rgba(0, 0, 0, 0);\">Gereonstra\u00dfe 34-36<\/span>, <span style=\"background-color: rgba(0, 0, 0, 0);\">50670 K\u00f6ln<\/span><\/p>\n<h3 data-fontsize=\"20\" style=\"--fontSize: 20; line-height: 1.1;\" data-lineheight=\"22px\" class=\"fusion-responsive-typography-calculated\">Professional Liability Insurance<\/h3>\n<p>Die berufliche T\u00e4tigkeit ist abgesichert durch eine Verm\u00f6gensschaden-Haftpflichtversicherung bei der HDI-Gerling Firmen und Privat Vers. AG, Postfach 10 24 64, 50464 K\u00f6ln; diese gilt EU-weit in Zusammenhang mit den versicherten Risiken <\/p>\n<\/div><div class=\"fusion-text fusion-text-5\"><h2>Disclaimer<\/h2>\n<p>UHY Wahlen &amp; Mannsky PartGmbB is an independent member of Urbach Hacker Young International Limited (\u201cUHY International\u201d), a UK company, and forms part of the UHY International network of legally independent accounting and consulting firms.<\/p>\n<p>Jeder Auftrag, den Sie erteilen, wird mit UHY Wahlen &amp; Mannsky PartGmbB abgeschlossen, und alle Dienstleistungen werden von UHY Wahlen &amp; Mannsky PartGmbB und nicht von UHY International oder einem anderen Mitgliedsunternehmen von UHY International erbracht. \u201eUHY\u201c ist der Markenname, unter dem die Mitglieder von UHY International ihre Dienstleistungen erbringen: Alle Rechte am Namen und Logo von UHY liegen bei UHY International, und die Verwendung des Namens und Logos von UHY stellt keine Billigung, Zusicherung oder stillschweigende oder ausdr\u00fcckliche Gew\u00e4hrleistung durch UHY International dar. UHY International \u00fcbernimmt keinerlei Haftung f\u00fcr die von UHY Wahlen &amp; Mannsky PartGmbB oder anderen Mitgliedern erbrachten Dienstleistungen, und UHY Wahlen &amp; Mannsky PartGmbB \u00fcbernimmt keinerlei Haftung f\u00fcr die von anderen Mitgliedsfirmen von UHY International erbrachten Dienstleistungen.  <\/p>\n<\/div><\/div><\/div><\/div><\/div><\/p>\n","protected":false},"excerpt":{"rendered":"","protected":false},"author":5,"featured_media":0,"parent":0,"menu_order":0,"comment_status":"closed","ping_status":"closed","template":"100-width.php","meta":{"footnotes":""},"class_list":["post-509","page","type-page","status-publish","hentry"],"_links":{"self":[{"href":"https:\/\/uhy-wm.com\/en\/wp-json\/wp\/v2\/pages\/509","targetHints":{"allow":["GET"]}}],"collection":[{"href":"https:\/\/uhy-wm.com\/en\/wp-json\/wp\/v2\/pages"}],"about":[{"href":"https:\/\/uhy-wm.com\/en\/wp-json\/wp\/v2\/types\/page"}],"author":[{"embeddable":true,"href":"https:\/\/uhy-wm.com\/en\/wp-json\/wp\/v2\/users\/5"}],"replies":[{"embeddable":true,"href":"https:\/\/uhy-wm.com\/en\/wp-json\/wp\/v2\/comments?post=509"}],"version-history":[{"count":9,"href":"https:\/\/uhy-wm.com\/en\/wp-json\/wp\/v2\/pages\/509\/revisions"}],"predecessor-version":[{"id":742,"href":"https:\/\/uhy-wm.com\/en\/wp-json\/wp\/v2\/pages\/509\/revisions\/742"}],"wp:attachment":[{"href":"https:\/\/uhy-wm.com\/en\/wp-json\/wp\/v2\/media?parent=509"}],"curies":[{"name":"wp","href":"https:\/\/api.w.org\/{rel}","templated":true}]}}